{"id":4100,"date":"2024-07-04T13:53:22","date_gmt":"2024-07-04T11:53:22","guid":{"rendered":"https:\/\/petlabs.com.co\/pa\/?post_type=product&#038;p=4100"},"modified":"2024-07-04T18:33:38","modified_gmt":"2024-07-04T16:33:38","slug":"mecox-2-l-tableta","status":"publish","type":"product","link":"https:\/\/petlabs.com.co\/pa\/producto\/mecox-2-l-tableta\/","title":{"rendered":"MECOX-2 L"},"content":{"rendered":"<p>INDICACIONES<\/p>\n<p>Est\u00e1 indicado como an\u00e1lgesico, antiinflamatorio y antipir\u00e9tico en procesos de inflamaci\u00f3n y dolor articulares y\/o musculoesquel\u00e9ticas, proceso pre y postquir\u00fargicos.<\/p>\n","protected":false},"excerpt":{"rendered":"<p>MELOXICAN TABLETAS 4mg<\/p>\n<p>Meloxicam pertenece al grupo de f\u00e1rmacos denominados antiinflamatorios no esteroideos (AINEs) que se utilizan para reducir la inflamaci\u00f3n y el dolor en las articulaciones. Tableta ranurada que permite partir por la mitad, manteniendo la concentraci\u00f3n del f\u00e1rmaco.<\/p>\n","protected":false},"featured_media":4101,"template":"","meta":{"site-sidebar-layout":"default","site-content-layout":"","ast-site-content-layout":"default","site-content-style":"default","site-sidebar-style":"default","ast-global-header-display":"","ast-banner-title-visibility":"","ast-main-header-display":"","ast-hfb-above-header-display":"","ast-hfb-below-header-display":"","ast-hfb-mobile-header-display":"","site-post-title":"","ast-breadcrumbs-content":"","ast-featured-img":"","footer-sml-layout":"","theme-transparent-header-meta":"default","adv-header-id-meta":"","stick-header-meta":"","header-above-stick-meta":"","header-main-stick-meta":"","header-below-stick-meta":"","astra-migrate-meta-layouts":"set","ast-page-background-enabled":"default","ast-page-background-meta":{"desktop":{"background-color":"var(--ast-global-color-4)","background-image":"","background-repeat":"repeat","background-position":"center center","background-size":"auto","background-attachment":"scroll","background-type":"","background-media":"","overlay-type":"","overlay-color":"","overlay-opacity":"","overlay-gradient":""},"tablet":{"background-color":"","background-image":"","background-repeat":"repeat","background-position":"center center","background-size":"auto","background-attachment":"scroll","background-type":"","background-media":"","overlay-type":"","overlay-color":"","overlay-opacity":"","overlay-gradient":""},"mobile":{"background-color":"","background-image":"","background-repeat":"repeat","background-position":"center center","background-size":"auto","background-attachment":"scroll","background-type":"","background-media":"","overlay-type":"","overlay-color":"","overlay-opacity":"","overlay-gradient":""}},"ast-content-background-meta":{"desktop":{"background-color":"var(--ast-global-color-5)","background-image":"","background-repeat":"repeat","background-position":"center center","background-size":"auto","background-attachment":"scroll","background-type":"","background-media":"","overlay-type":"","overlay-color":"","overlay-opacity":"","overlay-gradient":""},"tablet":{"background-color":"var(--ast-global-color-5)","background-image":"","background-repeat":"repeat","background-position":"center center","background-size":"auto","background-attachment":"scroll","background-type":"","background-media":"","overlay-type":"","overlay-color":"","overlay-opacity":"","overlay-gradient":""},"mobile":{"background-color":"var(--ast-global-color-5)","background-image":"","background-repeat":"repeat","background-position":"center center","background-size":"auto","background-attachment":"scroll","background-type":"","background-media":"","overlay-type":"","overlay-color":"","overlay-opacity":"","overlay-gradient":""}}},"product_cat":[18,26],"product_tag":[],"class_list":{"0":"post-4100","1":"product","2":"type-product","3":"status-publish","4":"has-post-thumbnail","6":"product_cat-antiinflamatorio","7":"product_cat-tableta","8":"desktop-align-left","9":"tablet-align-left","10":"mobile-align-left","12":"first","13":"instock","14":"shipping-taxable","15":"product-type-simple"},"_links":{"self":[{"href":"https:\/\/petlabs.com.co\/pa\/wp-json\/wp\/v2\/product\/4100","targetHints":{"allow":["GET"]}}],"collection":[{"href":"https:\/\/petlabs.com.co\/pa\/wp-json\/wp\/v2\/product"}],"about":[{"href":"https:\/\/petlabs.com.co\/pa\/wp-json\/wp\/v2\/types\/product"}],"wp:featuredmedia":[{"embeddable":true,"href":"https:\/\/petlabs.com.co\/pa\/wp-json\/wp\/v2\/media\/4101"}],"wp:attachment":[{"href":"https:\/\/petlabs.com.co\/pa\/wp-json\/wp\/v2\/media?parent=4100"}],"wp:term":[{"taxonomy":"product_cat","embeddable":true,"href":"https:\/\/petlabs.com.co\/pa\/wp-json\/wp\/v2\/product_cat?post=4100"},{"taxonomy":"product_tag","embeddable":true,"href":"https:\/\/petlabs.com.co\/pa\/wp-json\/wp\/v2\/product_tag?post=4100"}],"curies":[{"name":"wp","href":"https:\/\/api.w.org\/{rel}","templated":true}]}}