{"id":1476,"date":"2023-01-26T15:23:50","date_gmt":"2023-01-26T20:23:50","guid":{"rendered":"https:\/\/petlabs.com.co\/pa\/?page_id=1476"},"modified":"2024-07-25T09:16:09","modified_gmt":"2024-07-25T14:16:09","slug":"antibiotico","status":"publish","type":"page","link":"https:\/\/petlabs.com.co\/pa\/antibiotico\/","title":{"rendered":"Antibiotico"},"content":{"rendered":"\t\t<div data-elementor-type=\"wp-page\" data-elementor-id=\"1476\" class=\"elementor elementor-1476\" data-elementor-post-type=\"page\">\n\t\t\t\t<div class=\"elementor-element elementor-element-77b9a101 e-flex e-con-boxed e-con e-parent\" data-id=\"77b9a101\" data-element_type=\"container\">\n\t\t\t\t\t<div class=\"e-con-inner\">\n\t\t<div class=\"elementor-element elementor-element-c78c142 e-con-full e-flex e-con e-child\" data-id=\"c78c142\" data-element_type=\"container\">\n\t\t<div class=\"elementor-element elementor-element-14dd1b87 e-con-full e-flex e-con e-child\" data-id=\"14dd1b87\" data-element_type=\"container\">\n\t\t\t\t<div class=\"elementor-element elementor-element-2a385f8e elementor-widget elementor-widget-heading\" data-id=\"2a385f8e\" data-element_type=\"widget\" data-widget_type=\"heading.default\">\n\t\t\t\t<div class=\"elementor-widget-container\">\n\t\t\t<style>\/*! elementor - v3.23.0 - 23-07-2024 *\/\n.elementor-heading-title{padding:0;margin:0;line-height:1}.elementor-widget-heading .elementor-heading-title[class*=elementor-size-]>a{color:inherit;font-size:inherit;line-height:inherit}.elementor-widget-heading .elementor-heading-title.elementor-size-small{font-size:15px}.elementor-widget-heading .elementor-heading-title.elementor-size-medium{font-size:19px}.elementor-widget-heading .elementor-heading-title.elementor-size-large{font-size:29px}.elementor-widget-heading .elementor-heading-title.elementor-size-xl{font-size:39px}.elementor-widget-heading .elementor-heading-title.elementor-size-xxl{font-size:59px}<\/style><h2 class=\"elementor-heading-title elementor-size-default\">Nuestras categorias<\/h2>\t\t<\/div>\n\t\t\t\t<\/div>\n\t\t\t\t<\/div>\n\t\t\t\t<\/div>\n\t\t<div class=\"elementor-element elementor-element-4f5d6fe8 e-con-full e-flex e-con e-child\" data-id=\"4f5d6fe8\" data-element_type=\"container\">\n\t\t<div class=\"elementor-element elementor-element-59afc6fb e-con-full e-flex e-con e-child\" data-id=\"59afc6fb\" data-element_type=\"container\" data-settings=\"{&quot;background_background&quot;:&quot;classic&quot;}\">\n\t\t\t\t<div class=\"elementor-element elementor-element-35ff4c71 elementor-widget elementor-widget-image\" data-id=\"35ff4c71\" data-element_type=\"widget\" data-widget_type=\"image.default\">\n\t\t\t\t<div class=\"elementor-widget-container\">\n\t\t\t<style>\/*! elementor - v3.23.0 - 23-07-2024 *\/\n.elementor-widget-image{text-align:center}.elementor-widget-image a{display:inline-block}.elementor-widget-image a img[src$=\".svg\"]{width:48px}.elementor-widget-image img{vertical-align:middle;display:inline-block}<\/style>\t\t\t\t\t\t\t\t\t\t<img fetchpriority=\"high\" decoding=\"async\" width=\"512\" height=\"512\" src=\"https:\/\/petlabs.com.co\/pa\/wp-content\/uploads\/sites\/3\/2024\/07\/2645980blanco.webp\" class=\"attachment-full size-full wp-image-4151\" alt=\"\" srcset=\"https:\/\/petlabs.com.co\/pa\/wp-content\/uploads\/sites\/3\/2024\/07\/2645980blanco.webp 512w, https:\/\/petlabs.com.co\/pa\/wp-content\/uploads\/sites\/3\/2024\/07\/2645980blanco-300x300.webp 300w, https:\/\/petlabs.com.co\/pa\/wp-content\/uploads\/sites\/3\/2024\/07\/2645980blanco-150x150.webp 150w, https:\/\/petlabs.com.co\/pa\/wp-content\/uploads\/sites\/3\/2024\/07\/2645980blanco-100x100.webp 100w\" sizes=\"(max-width: 512px) 100vw, 512px\" \/>\t\t\t\t\t\t\t\t\t\t\t\t\t<\/div>\n\t\t\t\t<\/div>\n\t\t\t\t<div class=\"elementor-element elementor-element-378c9a19 elementor-widget elementor-widget-heading\" data-id=\"378c9a19\" data-element_type=\"widget\" data-widget_type=\"heading.default\">\n\t\t\t\t<div class=\"elementor-widget-container\">\n\t\t\t<h2 class=\"elementor-heading-title elementor-size-default\">Antibi\u00f3ticos<\/h2>\t\t<\/div>\n\t\t\t\t<\/div>\n\t\t\t\t<\/div>\n\t\t<div class=\"elementor-element elementor-element-4882fd14 e-con-full e-transform e-flex e-con e-child\" data-id=\"4882fd14\" data-element_type=\"container\" data-settings=\"{&quot;_transform_scale_effect_hover&quot;:{&quot;unit&quot;:&quot;px&quot;,&quot;size&quot;:1.1,&quot;sizes&quot;:[]},&quot;_transform_scale_effect_hover_tablet&quot;:{&quot;unit&quot;:&quot;px&quot;,&quot;size&quot;:&quot;&quot;,&quot;sizes&quot;:[]},&quot;_transform_scale_effect_hover_mobile&quot;:{&quot;unit&quot;:&quot;px&quot;,&quot;size&quot;:&quot;&quot;,&quot;sizes&quot;:[]}}\">\n\t\t\t\t<div class=\"elementor-element elementor-element-6d6862ce elementor-widget elementor-widget-image\" data-id=\"6d6862ce\" data-element_type=\"widget\" data-widget_type=\"image.default\">\n\t\t\t\t<div class=\"elementor-widget-container\">\n\t\t\t\t\t\t\t\t\t\t\t\t\t\t<a href=\"https:\/\/petlabs.com.co\/pa\/antiinflamatorio\">\n\t\t\t\t\t\t\t<img decoding=\"async\" width=\"512\" height=\"512\" src=\"https:\/\/petlabs.com.co\/pa\/wp-content\/uploads\/sites\/3\/2024\/07\/Antiflmatorio.webp\" class=\"attachment-full size-full wp-image-4144\" alt=\"\" srcset=\"https:\/\/petlabs.com.co\/pa\/wp-content\/uploads\/sites\/3\/2024\/07\/Antiflmatorio.webp 512w, https:\/\/petlabs.com.co\/pa\/wp-content\/uploads\/sites\/3\/2024\/07\/Antiflmatorio-300x300.webp 300w, https:\/\/petlabs.com.co\/pa\/wp-content\/uploads\/sites\/3\/2024\/07\/Antiflmatorio-150x150.webp 150w, https:\/\/petlabs.com.co\/pa\/wp-content\/uploads\/sites\/3\/2024\/07\/Antiflmatorio-100x100.webp 100w\" sizes=\"(max-width: 512px) 100vw, 512px\" \/>\t\t\t\t\t\t\t\t<\/a>\n\t\t\t\t\t\t\t\t\t\t\t\t\t<\/div>\n\t\t\t\t<\/div>\n\t\t\t\t<div class=\"elementor-element elementor-element-27069263 elementor-widget elementor-widget-heading\" data-id=\"27069263\" data-element_type=\"widget\" data-widget_type=\"heading.default\">\n\t\t\t\t<div class=\"elementor-widget-container\">\n\t\t\t<h2 class=\"elementor-heading-title elementor-size-default\">Antiinflamatorio<\/h2>\t\t<\/div>\n\t\t\t\t<\/div>\n\t\t\t\t<\/div>\n\t\t<div class=\"elementor-element elementor-element-7898992b e-con-full e-transform e-flex e-con e-child\" data-id=\"7898992b\" data-element_type=\"container\" data-settings=\"{&quot;_transform_scale_effect_hover&quot;:{&quot;unit&quot;:&quot;px&quot;,&quot;size&quot;:1.1,&quot;sizes&quot;:[]},&quot;_transform_scale_effect_hover_tablet&quot;:{&quot;unit&quot;:&quot;px&quot;,&quot;size&quot;:&quot;&quot;,&quot;sizes&quot;:[]},&quot;_transform_scale_effect_hover_mobile&quot;:{&quot;unit&quot;:&quot;px&quot;,&quot;size&quot;:&quot;&quot;,&quot;sizes&quot;:[]}}\">\n\t\t\t\t<div class=\"elementor-element elementor-element-494f67aa elementor-widget elementor-widget-image\" data-id=\"494f67aa\" data-element_type=\"widget\" data-widget_type=\"image.default\">\n\t\t\t\t<div class=\"elementor-widget-container\">\n\t\t\t\t\t\t\t\t\t\t\t\t\t\t<a href=\"https:\/\/petlabs.com.co\/pa\/antiseptico\/\">\n\t\t\t\t\t\t\t<img decoding=\"async\" width=\"512\" height=\"512\" src=\"https:\/\/petlabs.com.co\/pa\/wp-content\/uploads\/sites\/3\/2024\/07\/antiseptico.png\" class=\"attachment-full size-full wp-image-4145\" alt=\"\" srcset=\"https:\/\/petlabs.com.co\/pa\/wp-content\/uploads\/sites\/3\/2024\/07\/antiseptico.png 512w, https:\/\/petlabs.com.co\/pa\/wp-content\/uploads\/sites\/3\/2024\/07\/antiseptico-300x300.png 300w, https:\/\/petlabs.com.co\/pa\/wp-content\/uploads\/sites\/3\/2024\/07\/antiseptico-150x150.png 150w, https:\/\/petlabs.com.co\/pa\/wp-content\/uploads\/sites\/3\/2024\/07\/antiseptico-100x100.png 100w\" sizes=\"(max-width: 512px) 100vw, 512px\" \/>\t\t\t\t\t\t\t\t<\/a>\n\t\t\t\t\t\t\t\t\t\t\t\t\t<\/div>\n\t\t\t\t<\/div>\n\t\t\t\t<div class=\"elementor-element elementor-element-6e49ac85 elementor-widget elementor-widget-heading\" data-id=\"6e49ac85\" data-element_type=\"widget\" data-widget_type=\"heading.default\">\n\t\t\t\t<div class=\"elementor-widget-container\">\n\t\t\t<h2 class=\"elementor-heading-title elementor-size-default\">Antis\u00e9ptico<\/h2>\t\t<\/div>\n\t\t\t\t<\/div>\n\t\t\t\t<\/div>\n\t\t<div class=\"elementor-element elementor-element-5425344b e-con-full e-transform e-flex e-con e-child\" data-id=\"5425344b\" data-element_type=\"container\" data-settings=\"{&quot;_transform_scale_effect_hover&quot;:{&quot;unit&quot;:&quot;px&quot;,&quot;size&quot;:1.1,&quot;sizes&quot;:[]},&quot;_transform_scale_effect_hover_tablet&quot;:{&quot;unit&quot;:&quot;px&quot;,&quot;size&quot;:&quot;&quot;,&quot;sizes&quot;:[]},&quot;_transform_scale_effect_hover_mobile&quot;:{&quot;unit&quot;:&quot;px&quot;,&quot;size&quot;:&quot;&quot;,&quot;sizes&quot;:[]}}\">\n\t\t\t\t<div class=\"elementor-element elementor-element-20690f3a elementor-widget elementor-widget-image\" data-id=\"20690f3a\" data-element_type=\"widget\" data-widget_type=\"image.default\">\n\t\t\t\t<div class=\"elementor-widget-container\">\n\t\t\t\t\t\t\t\t\t\t\t\t\t\t<a href=\"https:\/\/petlabs.com.co\/pa\/dermatologia\">\n\t\t\t\t\t\t\t<img loading=\"lazy\" decoding=\"async\" width=\"512\" height=\"512\" src=\"https:\/\/petlabs.com.co\/pa\/wp-content\/uploads\/sites\/3\/2024\/07\/derma.webp\" class=\"attachment-full size-full wp-image-4146\" alt=\"\" srcset=\"https:\/\/petlabs.com.co\/pa\/wp-content\/uploads\/sites\/3\/2024\/07\/derma.webp 512w, https:\/\/petlabs.com.co\/pa\/wp-content\/uploads\/sites\/3\/2024\/07\/derma-300x300.webp 300w, https:\/\/petlabs.com.co\/pa\/wp-content\/uploads\/sites\/3\/2024\/07\/derma-150x150.webp 150w, https:\/\/petlabs.com.co\/pa\/wp-content\/uploads\/sites\/3\/2024\/07\/derma-100x100.webp 100w\" sizes=\"(max-width: 512px) 100vw, 512px\" \/>\t\t\t\t\t\t\t\t<\/a>\n\t\t\t\t\t\t\t\t\t\t\t\t\t<\/div>\n\t\t\t\t<\/div>\n\t\t\t\t<div class=\"elementor-element elementor-element-50b3c17a elementor-widget elementor-widget-heading\" data-id=\"50b3c17a\" data-element_type=\"widget\" data-widget_type=\"heading.default\">\n\t\t\t\t<div class=\"elementor-widget-container\">\n\t\t\t<h2 class=\"elementor-heading-title elementor-size-default\">Dermatolog\u00eda<\/h2>\t\t<\/div>\n\t\t\t\t<\/div>\n\t\t\t\t<\/div>\n\t\t\t\t<\/div>\n\t\t\t\t\t<\/div>\n\t\t\t\t<\/div>\n\t\t<div class=\"elementor-element elementor-element-df6ff82 e-flex e-con-boxed e-con e-parent\" data-id=\"df6ff82\" data-element_type=\"container\" data-settings=\"{&quot;background_background&quot;:&quot;slideshow&quot;,&quot;background_slideshow_gallery&quot;:[{&quot;id&quot;:3882,&quot;url&quot;:&quot;https:\\\/\\\/petlabs.com.co\\\/co\\\/wp-content\\\/uploads\\\/sites\\\/2\\\/2024\\\/07\\\/patitas.jpg&quot;}],&quot;background_slideshow_loop&quot;:&quot;yes&quot;,&quot;background_slideshow_slide_duration&quot;:5000,&quot;background_slideshow_slide_transition&quot;:&quot;fade&quot;,&quot;background_slideshow_transition_duration&quot;:500}\">\n\t\t\t\t\t<div class=\"e-con-inner\">\n\t\t<div class=\"elementor-element elementor-element-4e8f3e7 e-con-full e-flex e-con e-child\" data-id=\"4e8f3e7\" data-element_type=\"container\">\n\t\t\t\t<div class=\"elementor-element elementor-element-4af13eb elementor-widget elementor-widget-heading\" data-id=\"4af13eb\" data-element_type=\"widget\" data-widget_type=\"heading.default\">\n\t\t\t\t<div class=\"elementor-widget-container\">\n\t\t\t<h2 class=\"elementor-heading-title elementor-size-default\">Antibi\u00f3ticos<\/h2>\t\t<\/div>\n\t\t\t\t<\/div>\n\t\t\t\t<\/div>\n\t\t\t\t\t<\/div>\n\t\t\t\t<\/div>\n\t\t\t\t<\/div>\n\t\t","protected":false},"excerpt":{"rendered":"<p>Nuestras categorias Antibi\u00f3ticos Antiinflamatorio Antis\u00e9ptico Dermatolog\u00eda Antibi\u00f3ticos<\/p>\n","protected":false},"author":1,"featured_media":0,"parent":0,"menu_order":0,"comment_status":"closed","ping_status":"closed","template":"elementor_header_footer","meta":{"site-sidebar-layout":"no-sidebar","site-content-layout":"page-builder","ast-site-content-layout":"","site-content-style":"default","site-sidebar-style":"default","ast-global-header-display":"","ast-banner-title-visibility":"","ast-main-header-display":"","ast-hfb-above-header-display":"","ast-hfb-below-header-display":"","ast-hfb-mobile-header-display":"","site-post-title":"disabled","ast-breadcrumbs-content":"","ast-featured-img":"disabled","footer-sml-layout":"","theme-transparent-header-meta":"","adv-header-id-meta":"","stick-header-meta":"","header-above-stick-meta":"","header-main-stick-meta":"","header-below-stick-meta":"","astra-migrate-meta-layouts":"default","ast-page-background-enabled":"default","ast-page-background-meta":{"desktop":{"background-color":"var(--ast-global-color-4)","background-image":"","background-repeat":"repeat","background-position":"center center","background-size":"auto","background-attachment":"scroll","background-type":"","background-media":"","overlay-type":"","overlay-color":"","overlay-opacity":"","overlay-gradient":""},"tablet":{"background-color":"","background-image":"","background-repeat":"repeat","background-position":"center center","background-size":"auto","background-attachment":"scroll","background-type":"","background-media":"","overlay-type":"","overlay-color":"","overlay-opacity":"","overlay-gradient":""},"mobile":{"background-color":"","background-image":"","background-repeat":"repeat","background-position":"center center","background-size":"auto","background-attachment":"scroll","background-type":"","background-media":"","overlay-type":"","overlay-color":"","overlay-opacity":"","overlay-gradient":""}},"ast-content-background-meta":{"desktop":{"background-color":"var(--ast-global-color-5)","background-image":"","background-repeat":"repeat","background-position":"center center","background-size":"auto","background-attachment":"scroll","background-type":"","background-media":"","overlay-type":"","overlay-color":"","overlay-opacity":"","overlay-gradient":""},"tablet":{"background-color":"var(--ast-global-color-5)","background-image":"","background-repeat":"repeat","background-position":"center center","background-size":"auto","background-attachment":"scroll","background-type":"","background-media":"","overlay-type":"","overlay-color":"","overlay-opacity":"","overlay-gradient":""},"mobile":{"background-color":"var(--ast-global-color-5)","background-image":"","background-repeat":"repeat","background-position":"center center","background-size":"auto","background-attachment":"scroll","background-type":"","background-media":"","overlay-type":"","overlay-color":"","overlay-opacity":"","overlay-gradient":""}},"footnotes":""},"class_list":["post-1476","page","type-page","status-publish","hentry"],"_links":{"self":[{"href":"https:\/\/petlabs.com.co\/pa\/wp-json\/wp\/v2\/pages\/1476","targetHints":{"allow":["GET"]}}],"collection":[{"href":"https:\/\/petlabs.com.co\/pa\/wp-json\/wp\/v2\/pages"}],"about":[{"href":"https:\/\/petlabs.com.co\/pa\/wp-json\/wp\/v2\/types\/page"}],"author":[{"embeddable":true,"href":"https:\/\/petlabs.com.co\/pa\/wp-json\/wp\/v2\/users\/1"}],"replies":[{"embeddable":true,"href":"https:\/\/petlabs.com.co\/pa\/wp-json\/wp\/v2\/comments?post=1476"}],"version-history":[{"count":50,"href":"https:\/\/petlabs.com.co\/pa\/wp-json\/wp\/v2\/pages\/1476\/revisions"}],"predecessor-version":[{"id":5772,"href":"https:\/\/petlabs.com.co\/pa\/wp-json\/wp\/v2\/pages\/1476\/revisions\/5772"}],"wp:attachment":[{"href":"https:\/\/petlabs.com.co\/pa\/wp-json\/wp\/v2\/media?parent=1476"}],"curies":[{"name":"wp","href":"https:\/\/api.w.org\/{rel}","templated":true}]}}