{"id":4226,"date":"2024-07-04T15:28:49","date_gmt":"2024-07-04T13:28:49","guid":{"rendered":"https:\/\/petlabs.com.co\/hn\/?page_id=4226"},"modified":"2024-07-25T09:17:18","modified_gmt":"2024-07-25T14:17:18","slug":"dermatologia","status":"publish","type":"page","link":"https:\/\/petlabs.com.co\/hn\/dermatologia\/","title":{"rendered":"Dermatologia"},"content":{"rendered":"\t\t<div data-elementor-type=\"wp-page\" data-elementor-id=\"4226\" class=\"elementor elementor-4226\" data-elementor-post-type=\"page\">\n\t\t\t\t<div class=\"elementor-element elementor-element-4b6b72a3 e-flex e-con-boxed e-con e-parent\" data-id=\"4b6b72a3\" data-element_type=\"container\">\n\t\t\t\t\t<div class=\"e-con-inner\">\n\t\t<div class=\"elementor-element elementor-element-e017d10 e-con-full e-flex e-con e-child\" data-id=\"e017d10\" data-element_type=\"container\">\n\t\t<div class=\"elementor-element elementor-element-456d192 e-con-full e-flex e-con e-child\" data-id=\"456d192\" data-element_type=\"container\">\n\t\t<div class=\"elementor-element elementor-element-b5ebf02 e-con-full e-flex e-con e-child\" data-id=\"b5ebf02\" data-element_type=\"container\">\n\t\t\t\t<div class=\"elementor-element elementor-element-9bc96ed elementor-widget elementor-widget-heading\" data-id=\"9bc96ed\" data-element_type=\"widget\" data-widget_type=\"heading.default\">\n\t\t\t\t<div class=\"elementor-widget-container\">\n\t\t\t<style>\/*! elementor - v3.23.0 - 23-07-2024 *\/\n.elementor-heading-title{padding:0;margin:0;line-height:1}.elementor-widget-heading .elementor-heading-title[class*=elementor-size-]>a{color:inherit;font-size:inherit;line-height:inherit}.elementor-widget-heading .elementor-heading-title.elementor-size-small{font-size:15px}.elementor-widget-heading .elementor-heading-title.elementor-size-medium{font-size:19px}.elementor-widget-heading .elementor-heading-title.elementor-size-large{font-size:29px}.elementor-widget-heading .elementor-heading-title.elementor-size-xl{font-size:39px}.elementor-widget-heading .elementor-heading-title.elementor-size-xxl{font-size:59px}<\/style><h2 class=\"elementor-heading-title elementor-size-default\">Nuestras categorias<\/h2>\t\t<\/div>\n\t\t\t\t<\/div>\n\t\t\t\t<\/div>\n\t\t\t\t<\/div>\n\t\t<div class=\"elementor-element elementor-element-ab04410 e-con-full e-flex e-con e-child\" data-id=\"ab04410\" data-element_type=\"container\">\n\t\t<div class=\"elementor-element elementor-element-4289ace e-con-full e-transform e-flex e-con e-child\" data-id=\"4289ace\" data-element_type=\"container\" data-settings=\"{&quot;_transform_scale_effect_hover&quot;:{&quot;unit&quot;:&quot;px&quot;,&quot;size&quot;:1.1,&quot;sizes&quot;:[]},&quot;_transform_scale_effect_hover_tablet&quot;:{&quot;unit&quot;:&quot;px&quot;,&quot;size&quot;:&quot;&quot;,&quot;sizes&quot;:[]},&quot;_transform_scale_effect_hover_mobile&quot;:{&quot;unit&quot;:&quot;px&quot;,&quot;size&quot;:&quot;&quot;,&quot;sizes&quot;:[]}}\">\n\t\t\t\t<div class=\"elementor-element elementor-element-71f9f13 elementor-widget elementor-widget-image\" data-id=\"71f9f13\" data-element_type=\"widget\" data-widget_type=\"image.default\">\n\t\t\t\t<div class=\"elementor-widget-container\">\n\t\t\t<style>\/*! elementor - v3.23.0 - 23-07-2024 *\/\n.elementor-widget-image{text-align:center}.elementor-widget-image a{display:inline-block}.elementor-widget-image a img[src$=\".svg\"]{width:48px}.elementor-widget-image img{vertical-align:middle;display:inline-block}<\/style>\t\t\t\t\t\t\t\t\t\t\t<a href=\"https:\/\/petlabs.com.co\/pa\/antibiotico\/\">\n\t\t\t\t\t\t\t<img fetchpriority=\"high\" decoding=\"async\" width=\"512\" height=\"512\" src=\"https:\/\/petlabs.com.co\/hn\/wp-content\/uploads\/sites\/5\/2024\/07\/2645980-1.png\" class=\"attachment-full size-full wp-image-4142\" alt=\"\" srcset=\"https:\/\/petlabs.com.co\/hn\/wp-content\/uploads\/sites\/5\/2024\/07\/2645980-1.png 512w, https:\/\/petlabs.com.co\/hn\/wp-content\/uploads\/sites\/5\/2024\/07\/2645980-1-300x300.png 300w, https:\/\/petlabs.com.co\/hn\/wp-content\/uploads\/sites\/5\/2024\/07\/2645980-1-150x150.png 150w, https:\/\/petlabs.com.co\/hn\/wp-content\/uploads\/sites\/5\/2024\/07\/2645980-1-100x100.png 100w\" sizes=\"(max-width: 512px) 100vw, 512px\" \/>\t\t\t\t\t\t\t\t<\/a>\n\t\t\t\t\t\t\t\t\t\t\t\t\t<\/div>\n\t\t\t\t<\/div>\n\t\t\t\t<div class=\"elementor-element elementor-element-a1f5d52 elementor-widget elementor-widget-heading\" data-id=\"a1f5d52\" data-element_type=\"widget\" data-widget_type=\"heading.default\">\n\t\t\t\t<div class=\"elementor-widget-container\">\n\t\t\t<h2 class=\"elementor-heading-title elementor-size-default\">Antibi\u00f3ticos<\/h2>\t\t<\/div>\n\t\t\t\t<\/div>\n\t\t\t\t<\/div>\n\t\t<div class=\"elementor-element elementor-element-4629c12 e-con-full e-transform e-flex e-con e-child\" data-id=\"4629c12\" data-element_type=\"container\" data-settings=\"{&quot;_transform_scale_effect_hover&quot;:{&quot;unit&quot;:&quot;px&quot;,&quot;size&quot;:1.1,&quot;sizes&quot;:[]},&quot;_transform_scale_effect_hover_tablet&quot;:{&quot;unit&quot;:&quot;px&quot;,&quot;size&quot;:&quot;&quot;,&quot;sizes&quot;:[]},&quot;_transform_scale_effect_hover_mobile&quot;:{&quot;unit&quot;:&quot;px&quot;,&quot;size&quot;:&quot;&quot;,&quot;sizes&quot;:[]}}\">\n\t\t\t\t<div class=\"elementor-element elementor-element-f030fe2 elementor-widget elementor-widget-image\" data-id=\"f030fe2\" data-element_type=\"widget\" data-widget_type=\"image.default\">\n\t\t\t\t<div class=\"elementor-widget-container\">\n\t\t\t\t\t\t\t\t\t\t\t\t\t\t<a href=\"https:\/\/petlabs.com.co\/pa\/antiinflamatorio\">\n\t\t\t\t\t\t\t<img decoding=\"async\" width=\"512\" height=\"512\" src=\"https:\/\/petlabs.com.co\/hn\/wp-content\/uploads\/sites\/5\/2024\/07\/Antiflmatorio.webp\" class=\"attachment-full size-full wp-image-4144\" alt=\"\" srcset=\"https:\/\/petlabs.com.co\/hn\/wp-content\/uploads\/sites\/5\/2024\/07\/Antiflmatorio.webp 512w, https:\/\/petlabs.com.co\/hn\/wp-content\/uploads\/sites\/5\/2024\/07\/Antiflmatorio-300x300.webp 300w, https:\/\/petlabs.com.co\/hn\/wp-content\/uploads\/sites\/5\/2024\/07\/Antiflmatorio-150x150.webp 150w, https:\/\/petlabs.com.co\/hn\/wp-content\/uploads\/sites\/5\/2024\/07\/Antiflmatorio-100x100.webp 100w\" sizes=\"(max-width: 512px) 100vw, 512px\" \/>\t\t\t\t\t\t\t\t<\/a>\n\t\t\t\t\t\t\t\t\t\t\t\t\t<\/div>\n\t\t\t\t<\/div>\n\t\t\t\t<div class=\"elementor-element elementor-element-4f9aa3f elementor-widget elementor-widget-heading\" data-id=\"4f9aa3f\" data-element_type=\"widget\" data-widget_type=\"heading.default\">\n\t\t\t\t<div class=\"elementor-widget-container\">\n\t\t\t<h2 class=\"elementor-heading-title elementor-size-default\">Antiinflamatorio<\/h2>\t\t<\/div>\n\t\t\t\t<\/div>\n\t\t\t\t<\/div>\n\t\t<div class=\"elementor-element elementor-element-c6204ef e-con-full e-transform e-flex e-con e-child\" data-id=\"c6204ef\" data-element_type=\"container\" data-settings=\"{&quot;_transform_scale_effect_hover&quot;:{&quot;unit&quot;:&quot;px&quot;,&quot;size&quot;:1.1,&quot;sizes&quot;:[]},&quot;_transform_scale_effect_hover_tablet&quot;:{&quot;unit&quot;:&quot;px&quot;,&quot;size&quot;:&quot;&quot;,&quot;sizes&quot;:[]},&quot;_transform_scale_effect_hover_mobile&quot;:{&quot;unit&quot;:&quot;px&quot;,&quot;size&quot;:&quot;&quot;,&quot;sizes&quot;:[]}}\">\n\t\t\t\t<div class=\"elementor-element elementor-element-9d91502 elementor-widget elementor-widget-image\" data-id=\"9d91502\" data-element_type=\"widget\" data-widget_type=\"image.default\">\n\t\t\t\t<div class=\"elementor-widget-container\">\n\t\t\t\t\t\t\t\t\t\t\t\t\t\t<a href=\"https:\/\/petlabs.com.co\/pa\/antiseptico\/\">\n\t\t\t\t\t\t\t<img decoding=\"async\" width=\"512\" height=\"512\" src=\"https:\/\/petlabs.com.co\/hn\/wp-content\/uploads\/sites\/5\/2024\/07\/antiseptico.png\" class=\"attachment-full size-full wp-image-4145\" alt=\"\" srcset=\"https:\/\/petlabs.com.co\/hn\/wp-content\/uploads\/sites\/5\/2024\/07\/antiseptico.png 512w, https:\/\/petlabs.com.co\/hn\/wp-content\/uploads\/sites\/5\/2024\/07\/antiseptico-300x300.png 300w, https:\/\/petlabs.com.co\/hn\/wp-content\/uploads\/sites\/5\/2024\/07\/antiseptico-150x150.png 150w, https:\/\/petlabs.com.co\/hn\/wp-content\/uploads\/sites\/5\/2024\/07\/antiseptico-100x100.png 100w\" sizes=\"(max-width: 512px) 100vw, 512px\" \/>\t\t\t\t\t\t\t\t<\/a>\n\t\t\t\t\t\t\t\t\t\t\t\t\t<\/div>\n\t\t\t\t<\/div>\n\t\t\t\t<div class=\"elementor-element elementor-element-ca64652 elementor-widget elementor-widget-heading\" data-id=\"ca64652\" data-element_type=\"widget\" data-widget_type=\"heading.default\">\n\t\t\t\t<div class=\"elementor-widget-container\">\n\t\t\t<h2 class=\"elementor-heading-title elementor-size-default\">Antis\u00e9ptico<\/h2>\t\t<\/div>\n\t\t\t\t<\/div>\n\t\t\t\t<\/div>\n\t\t<div class=\"elementor-element elementor-element-f898cd5 e-con-full e-flex e-con e-child\" data-id=\"f898cd5\" data-element_type=\"container\" data-settings=\"{&quot;background_background&quot;:&quot;classic&quot;}\">\n\t\t\t\t<div class=\"elementor-element elementor-element-1570624 elementor-widget elementor-widget-image\" data-id=\"1570624\" data-element_type=\"widget\" data-widget_type=\"image.default\">\n\t\t\t\t<div class=\"elementor-widget-container\">\n\t\t\t\t\t\t\t\t\t\t\t\t\t\t<a href=\"https:\/\/petlabs.com.co\/pa\/dermatologia\">\n\t\t\t\t\t\t\t<img loading=\"lazy\" decoding=\"async\" width=\"512\" height=\"512\" src=\"https:\/\/petlabs.com.co\/hn\/wp-content\/uploads\/sites\/5\/2024\/07\/dermablanco.webp\" class=\"attachment-full size-full wp-image-4154\" alt=\"\" srcset=\"https:\/\/petlabs.com.co\/hn\/wp-content\/uploads\/sites\/5\/2024\/07\/dermablanco.webp 512w, https:\/\/petlabs.com.co\/hn\/wp-content\/uploads\/sites\/5\/2024\/07\/dermablanco-300x300.webp 300w, https:\/\/petlabs.com.co\/hn\/wp-content\/uploads\/sites\/5\/2024\/07\/dermablanco-150x150.webp 150w, https:\/\/petlabs.com.co\/hn\/wp-content\/uploads\/sites\/5\/2024\/07\/dermablanco-100x100.webp 100w\" sizes=\"(max-width: 512px) 100vw, 512px\" \/>\t\t\t\t\t\t\t\t<\/a>\n\t\t\t\t\t\t\t\t\t\t\t\t\t<\/div>\n\t\t\t\t<\/div>\n\t\t\t\t<div class=\"elementor-element elementor-element-50ae6d7 elementor-widget elementor-widget-heading\" data-id=\"50ae6d7\" data-element_type=\"widget\" data-widget_type=\"heading.default\">\n\t\t\t\t<div class=\"elementor-widget-container\">\n\t\t\t<h2 class=\"elementor-heading-title elementor-size-default\">Dermatolog\u00eda<\/h2>\t\t<\/div>\n\t\t\t\t<\/div>\n\t\t\t\t<\/div>\n\t\t\t\t<\/div>\n\t\t\t\t<\/div>\n\t\t\t\t\t<\/div>\n\t\t\t\t<\/div>\n\t\t<div class=\"elementor-element elementor-element-df6ff82 e-flex e-con-boxed e-con e-parent\" data-id=\"df6ff82\" data-element_type=\"container\" data-settings=\"{&quot;background_background&quot;:&quot;slideshow&quot;,&quot;background_slideshow_gallery&quot;:[{&quot;id&quot;:3882,&quot;url&quot;:&quot;https:\\\/\\\/petlabs.com.co\\\/co\\\/wp-content\\\/uploads\\\/sites\\\/2\\\/2024\\\/07\\\/patitas.jpg&quot;}],&quot;background_slideshow_loop&quot;:&quot;yes&quot;,&quot;background_slideshow_slide_duration&quot;:5000,&quot;background_slideshow_slide_transition&quot;:&quot;fade&quot;,&quot;background_slideshow_transition_duration&quot;:500}\">\n\t\t\t\t\t<div class=\"e-con-inner\">\n\t\t<div class=\"elementor-element elementor-element-4e8f3e7 e-con-full e-flex e-con e-child\" data-id=\"4e8f3e7\" data-element_type=\"container\">\n\t\t\t\t<div class=\"elementor-element elementor-element-4af13eb elementor-widget elementor-widget-heading\" data-id=\"4af13eb\" data-element_type=\"widget\" data-widget_type=\"heading.default\">\n\t\t\t\t<div class=\"elementor-widget-container\">\n\t\t\t<h2 class=\"elementor-heading-title elementor-size-default\">Dermatolog\u00eda<\/h2>\t\t<\/div>\n\t\t\t\t<\/div>\n\t\t\t\t<\/div>\n\t\t\t\t\t<\/div>\n\t\t\t\t<\/div>\n\t\t\t\t<\/div>\n\t\t","protected":false},"excerpt":{"rendered":"<p>Nuestras categorias Antibi\u00f3ticos Antiinflamatorio Antis\u00e9ptico Dermatolog\u00eda Dermatolog\u00eda<\/p>\n","protected":false},"author":1,"featured_media":0,"parent":0,"menu_order":0,"comment_status":"closed","ping_status":"closed","template":"elementor_header_footer","meta":{"site-sidebar-layout":"no-sidebar","site-content-layout":"page-builder","ast-site-content-layout":"","site-content-style":"default","site-sidebar-style":"default","ast-global-header-display":"","ast-banner-title-visibility":"","ast-main-header-display":"","ast-hfb-above-header-display":"","ast-hfb-below-header-display":"","ast-hfb-mobile-header-display":"","site-post-title":"disabled","ast-breadcrumbs-content":"","ast-featured-img":"disabled","footer-sml-layout":"","theme-transparent-header-meta":"","adv-header-id-meta":"","stick-header-meta":"","header-above-stick-meta":"","header-main-stick-meta":"","header-below-stick-meta":"","astra-migrate-meta-layouts":"default","ast-page-background-enabled":"default","ast-page-background-meta":{"desktop":{"background-color":"var(--ast-global-color-4)","background-image":"","background-repeat":"repeat","background-position":"center center","background-size":"auto","background-attachment":"scroll","background-type":"","background-media":"","overlay-type":"","overlay-color":"","overlay-opacity":"","overlay-gradient":""},"tablet":{"background-color":"","background-image":"","background-repeat":"repeat","background-position":"center center","background-size":"auto","background-attachment":"scroll","background-type":"","background-media":"","overlay-type":"","overlay-color":"","overlay-opacity":"","overlay-gradient":""},"mobile":{"background-color":"","background-image":"","background-repeat":"repeat","background-position":"center center","background-size":"auto","background-attachment":"scroll","background-type":"","background-media":"","overlay-type":"","overlay-color":"","overlay-opacity":"","overlay-gradient":""}},"ast-content-background-meta":{"desktop":{"background-color":"var(--ast-global-color-5)","background-image":"","background-repeat":"repeat","background-position":"center center","background-size":"auto","background-attachment":"scroll","background-type":"","background-media":"","overlay-type":"","overlay-color":"","overlay-opacity":"","overlay-gradient":""},"tablet":{"background-color":"var(--ast-global-color-5)","background-image":"","background-repeat":"repeat","background-position":"center center","background-size":"auto","background-attachment":"scroll","background-type":"","background-media":"","overlay-type":"","overlay-color":"","overlay-opacity":"","overlay-gradient":""},"mobile":{"background-color":"var(--ast-global-color-5)","background-image":"","background-repeat":"repeat","background-position":"center center","background-size":"auto","background-attachment":"scroll","background-type":"","background-media":"","overlay-type":"","overlay-color":"","overlay-opacity":"","overlay-gradient":""}},"footnotes":""},"class_list":["post-4226","page","type-page","status-publish","hentry"],"_links":{"self":[{"href":"https:\/\/petlabs.com.co\/hn\/wp-json\/wp\/v2\/pages\/4226","targetHints":{"allow":["GET"]}}],"collection":[{"href":"https:\/\/petlabs.com.co\/hn\/wp-json\/wp\/v2\/pages"}],"about":[{"href":"https:\/\/petlabs.com.co\/hn\/wp-json\/wp\/v2\/types\/page"}],"author":[{"embeddable":true,"href":"https:\/\/petlabs.com.co\/hn\/wp-json\/wp\/v2\/users\/1"}],"replies":[{"embeddable":true,"href":"https:\/\/petlabs.com.co\/hn\/wp-json\/wp\/v2\/comments?post=4226"}],"version-history":[{"count":31,"href":"https:\/\/petlabs.com.co\/hn\/wp-json\/wp\/v2\/pages\/4226\/revisions"}],"predecessor-version":[{"id":5781,"href":"https:\/\/petlabs.com.co\/hn\/wp-json\/wp\/v2\/pages\/4226\/revisions\/5781"}],"wp:attachment":[{"href":"https:\/\/petlabs.com.co\/hn\/wp-json\/wp\/v2\/media?parent=4226"}],"curies":[{"name":"wp","href":"https:\/\/api.w.org\/{rel}","templated":true}]}}