{"id":4121,"date":"2024-07-04T14:12:30","date_gmt":"2024-07-04T12:12:30","guid":{"rendered":"https:\/\/petlabs.com.co\/co\/?post_type=product&#038;p=4121"},"modified":"2024-07-04T19:29:16","modified_gmt":"2024-07-04T17:29:16","slug":"crema-derma-6","status":"publish","type":"product","link":"https:\/\/petlabs.com.co\/co\/producto\/crema-derma-6\/","title":{"rendered":"CREMA DERMA 6"},"content":{"rendered":"<p>Crema Derma 6, es un producto de uso dermatol\u00f3gico con el beneficio de 6 acciones:<br \/>\nantiinflamatoria, antibi\u00f3tica, antimic\u00f3tica, anest\u00e9sica, antial\u00e9rgica y antipruriginosa.<br \/>\nCon alto contenido de agua, hidrata la piel asegurando una pronta evaporaci\u00f3n sin formar grumos,sus principios activos se absorben con facilidad y act\u00faan r\u00e1pidamente sobre la lesi\u00f3n.<\/p>\n","protected":false},"excerpt":{"rendered":"<p>La Neomicina cubre un amplio espectro de bacterias Gram + y Gram- comunes en las lesiones de piel y mucosas.<br \/>\nLa Griseofulvina micronizada aporta el control antimic\u00f3tico.<br \/>\nLa Betametasona se destaca por sus efectos antiinflamatorios y junto con el anest\u00e9sico local, controlan el prurito y el dolor, previniendo las lesiones por lamido o rascado excesivo.<br \/>\nEl \u00f3xido de Zinc es un emoliente protector y astringente cut\u00e1neo<\/p>\n<p>Tubo: 15g | 30g | 50g | 80g<\/p>\n","protected":false},"featured_media":4122,"template":"","meta":{"site-sidebar-layout":"default","site-content-layout":"","ast-site-content-layout":"default","site-content-style":"default","site-sidebar-style":"default","ast-global-header-display":"","ast-banner-title-visibility":"","ast-main-header-display":"","ast-hfb-above-header-display":"","ast-hfb-below-header-display":"","ast-hfb-mobile-header-display":"","site-post-title":"","ast-breadcrumbs-content":"","ast-featured-img":"","footer-sml-layout":"","theme-transparent-header-meta":"default","adv-header-id-meta":"","stick-header-meta":"","header-above-stick-meta":"","header-main-stick-meta":"","header-below-stick-meta":"","astra-migrate-meta-layouts":"set","ast-page-background-enabled":"default","ast-page-background-meta":{"desktop":{"background-color":"var(--ast-global-color-4)","background-image":"","background-repeat":"repeat","background-position":"center center","background-size":"auto","background-attachment":"scroll","background-type":"","background-media":"","overlay-type":"","overlay-color":"","overlay-opacity":"","overlay-gradient":""},"tablet":{"background-color":"","background-image":"","background-repeat":"repeat","background-position":"center center","background-size":"auto","background-attachment":"scroll","background-type":"","background-media":"","overlay-type":"","overlay-color":"","overlay-opacity":"","overlay-gradient":""},"mobile":{"background-color":"","background-image":"","background-repeat":"repeat","background-position":"center center","background-size":"auto","background-attachment":"scroll","background-type":"","background-media":"","overlay-type":"","overlay-color":"","overlay-opacity":"","overlay-gradient":""}},"ast-content-background-meta":{"desktop":{"background-color":"var(--ast-global-color-5)","background-image":"","background-repeat":"repeat","background-position":"center center","background-size":"auto","background-attachment":"scroll","background-type":"","background-media":"","overlay-type":"","overlay-color":"","overlay-opacity":"","overlay-gradient":""},"tablet":{"background-color":"var(--ast-global-color-5)","background-image":"","background-repeat":"repeat","background-position":"center center","background-size":"auto","background-attachment":"scroll","background-type":"","background-media":"","overlay-type":"","overlay-color":"","overlay-opacity":"","overlay-gradient":""},"mobile":{"background-color":"var(--ast-global-color-5)","background-image":"","background-repeat":"repeat","background-position":"center center","background-size":"auto","background-attachment":"scroll","background-type":"","background-media":"","overlay-type":"","overlay-color":"","overlay-opacity":"","overlay-gradient":""}}},"product_cat":[21],"product_tag":[],"class_list":{"0":"post-4121","1":"product","2":"type-product","3":"status-publish","4":"has-post-thumbnail","6":"product_cat-dermatologia","7":"desktop-align-left","8":"tablet-align-left","9":"mobile-align-left","11":"first","12":"instock","13":"shipping-taxable","14":"product-type-simple"},"_links":{"self":[{"href":"https:\/\/petlabs.com.co\/co\/wp-json\/wp\/v2\/product\/4121","targetHints":{"allow":["GET"]}}],"collection":[{"href":"https:\/\/petlabs.com.co\/co\/wp-json\/wp\/v2\/product"}],"about":[{"href":"https:\/\/petlabs.com.co\/co\/wp-json\/wp\/v2\/types\/product"}],"wp:featuredmedia":[{"embeddable":true,"href":"https:\/\/petlabs.com.co\/co\/wp-json\/wp\/v2\/media\/4122"}],"wp:attachment":[{"href":"https:\/\/petlabs.com.co\/co\/wp-json\/wp\/v2\/media?parent=4121"}],"wp:term":[{"taxonomy":"product_cat","embeddable":true,"href":"https:\/\/petlabs.com.co\/co\/wp-json\/wp\/v2\/product_cat?post=4121"},{"taxonomy":"product_tag","embeddable":true,"href":"https:\/\/petlabs.com.co\/co\/wp-json\/wp\/v2\/product_tag?post=4121"}],"curies":[{"name":"wp","href":"https:\/\/api.w.org\/{rel}","templated":true}]}}