{"id":4114,"date":"2024-07-04T14:09:14","date_gmt":"2024-07-04T12:09:14","guid":{"rendered":"https:\/\/petlabs.com.co\/co\/?post_type=product&#038;p=4114"},"modified":"2024-07-25T08:16:18","modified_gmt":"2024-07-25T13:16:18","slug":"clorexy-pet-oral","status":"publish","type":"product","link":"https:\/\/petlabs.com.co\/co\/producto\/clorexy-pet-oral\/","title":{"rendered":"CLOREXY &#8211; PET ORAL"},"content":{"rendered":"<p>El enjuague bucal con clorhexidina aporta desinfecci\u00f3n a la zona afectada y favorece la cicatrizaci\u00f3n y regeneraci\u00f3n del tejido afectado. Contiene Xilitol que previene la caries dental.<\/p>\n","protected":false},"excerpt":{"rendered":"<p>\u2022 Soluci\u00f3n antis\u00e9ptica oral para el mantenimiento de la higiene bucal en perros y gatos<br \/>\n\u2022 Control de halitosis en perros<br \/>\n\u2022 Ayuda a prevenir la placa bacteriana<br \/>\n\u2022 Controla la aparici\u00f3n de gingivitis (inflamaci\u00f3n de la encia)<br \/>\n\u2022 \u00datil en enfermedad periodontal<br \/>\n\u2022 Efectivo y seguro en el uso continuo<br \/>\n\u2022 lambi\u00e9n puede usarse para el cepillado dental<br \/>\n\u2022 Dentro de sus usos en la medicina veterinaria est\u00e1, adem\u00e1s, la profilaxis, la estomatitis y la gingivitis aguda<br \/>\nulcerativa<\/p>\n","protected":false},"featured_media":4120,"template":"","meta":{"site-sidebar-layout":"default","site-content-layout":"","ast-site-content-layout":"default","site-content-style":"default","site-sidebar-style":"default","ast-global-header-display":"","ast-banner-title-visibility":"","ast-main-header-display":"","ast-hfb-above-header-display":"","ast-hfb-below-header-display":"","ast-hfb-mobile-header-display":"","site-post-title":"","ast-breadcrumbs-content":"","ast-featured-img":"","footer-sml-layout":"","theme-transparent-header-meta":"default","adv-header-id-meta":"","stick-header-meta":"","header-above-stick-meta":"","header-main-stick-meta":"","header-below-stick-meta":"","astra-migrate-meta-layouts":"set","ast-page-background-enabled":"default","ast-page-background-meta":{"desktop":{"background-color":"var(--ast-global-color-4)","background-image":"","background-repeat":"repeat","background-position":"center center","background-size":"auto","background-attachment":"scroll","background-type":"","background-media":"","overlay-type":"","overlay-color":"","overlay-opacity":"","overlay-gradient":""},"tablet":{"background-color":"","background-image":"","background-repeat":"repeat","background-position":"center center","background-size":"auto","background-attachment":"scroll","background-type":"","background-media":"","overlay-type":"","overlay-color":"","overlay-opacity":"","overlay-gradient":""},"mobile":{"background-color":"","background-image":"","background-repeat":"repeat","background-position":"center center","background-size":"auto","background-attachment":"scroll","background-type":"","background-media":"","overlay-type":"","overlay-color":"","overlay-opacity":"","overlay-gradient":""}},"ast-content-background-meta":{"desktop":{"background-color":"var(--ast-global-color-5)","background-image":"","background-repeat":"repeat","background-position":"center center","background-size":"auto","background-attachment":"scroll","background-type":"","background-media":"","overlay-type":"","overlay-color":"","overlay-opacity":"","overlay-gradient":""},"tablet":{"background-color":"var(--ast-global-color-5)","background-image":"","background-repeat":"repeat","background-position":"center center","background-size":"auto","background-attachment":"scroll","background-type":"","background-media":"","overlay-type":"","overlay-color":"","overlay-opacity":"","overlay-gradient":""},"mobile":{"background-color":"var(--ast-global-color-5)","background-image":"","background-repeat":"repeat","background-position":"center center","background-size":"auto","background-attachment":"scroll","background-type":"","background-media":"","overlay-type":"","overlay-color":"","overlay-opacity":"","overlay-gradient":""}}},"product_cat":[20],"product_tag":[],"class_list":{"0":"post-4114","1":"product","2":"type-product","3":"status-publish","4":"has-post-thumbnail","6":"product_cat-antiseptico","7":"desktop-align-left","8":"tablet-align-left","9":"mobile-align-left","11":"first","12":"instock","13":"shipping-taxable","14":"product-type-simple"},"_links":{"self":[{"href":"https:\/\/petlabs.com.co\/co\/wp-json\/wp\/v2\/product\/4114","targetHints":{"allow":["GET"]}}],"collection":[{"href":"https:\/\/petlabs.com.co\/co\/wp-json\/wp\/v2\/product"}],"about":[{"href":"https:\/\/petlabs.com.co\/co\/wp-json\/wp\/v2\/types\/product"}],"wp:featuredmedia":[{"embeddable":true,"href":"https:\/\/petlabs.com.co\/co\/wp-json\/wp\/v2\/media\/4120"}],"wp:attachment":[{"href":"https:\/\/petlabs.com.co\/co\/wp-json\/wp\/v2\/media?parent=4114"}],"wp:term":[{"taxonomy":"product_cat","embeddable":true,"href":"https:\/\/petlabs.com.co\/co\/wp-json\/wp\/v2\/product_cat?post=4114"},{"taxonomy":"product_tag","embeddable":true,"href":"https:\/\/petlabs.com.co\/co\/wp-json\/wp\/v2\/product_tag?post=4114"}],"curies":[{"name":"wp","href":"https:\/\/api.w.org\/{rel}","templated":true}]}}