{"id":4107,"date":"2024-07-04T14:02:14","date_gmt":"2024-07-04T12:02:14","guid":{"rendered":"https:\/\/petlabs.com.co\/co\/?post_type=product&#038;p=4107"},"modified":"2024-07-04T14:08:32","modified_gmt":"2024-07-04T12:08:32","slug":"clorexy-pet-topic","status":"publish","type":"product","link":"https:\/\/petlabs.com.co\/co\/producto\/clorexy-pet-topic\/","title":{"rendered":"CLOREXY &#8211; PET TOPIC"},"content":{"rendered":"<p>Soluci\u00f3n antis\u00e9ptica para el manejo de afecciones cut\u00e1neas.<br \/>\nLa Clorhexidina act\u00faa inhibiendo el crecimiento de microorganismos en la piel.<\/p>\n<p>Soluci\u00f3n bactericida y fungicida de amplio espectro para el tratamiento de heridas, la antisepsia del campo quir\u00fargico y la desinfecci\u00f3n de superficies e instrumental quir\u00fargico.<\/p>\n<p>Para uso Canino y Felino<\/p>\n","protected":false},"excerpt":{"rendered":"<p><b>DESCRIPCI\u00d3N:<\/b><\/p>\n<ul>\n<li style=\"font-weight: 400;\" aria-level=\"1\"><span style=\"font-weight: 400;\">Desinfectante bactericida de uso t\u00f3pico en perro y gatos.<\/span><\/li>\n<li style=\"font-weight: 400;\" aria-level=\"1\"><span style=\"font-weight: 400;\">Soluci\u00f3n antis\u00e9ptica y desinfectante lista para usar.<\/span><\/li>\n<li style=\"font-weight: 400;\" aria-level=\"1\"><span style=\"font-weight: 400;\">No es irritante ni corrosivo.<\/span><\/li>\n<li style=\"font-weight: 400;\" aria-level=\"1\"><span style=\"font-weight: 400;\">Para antisepsia total del campo quir\u00fargico.<\/span><\/li>\n<li style=\"font-weight: 400;\" aria-level=\"1\"><span style=\"font-weight: 400;\">Bactericida y fungicida.<\/span><\/li>\n<li style=\"font-weight: 400;\" aria-level=\"1\"><span style=\"font-weight: 400;\">Amplio espectro en tratamiento de dermatitis o afecciones de la piel.<\/span><\/li>\n<li style=\"font-weight: 400;\" aria-level=\"1\"><span style=\"font-weight: 400;\">\u00datil en desinfecci\u00f3n pre y post operatoria.<\/span><\/li>\n<li style=\"font-weight: 400;\" aria-level=\"1\"><span style=\"font-weight: 400;\">Limpieza y desinfecci\u00f3n de material quir\u00fargico.<\/span><\/li>\n<\/ul>\n","protected":false},"featured_media":4113,"template":"","meta":{"site-sidebar-layout":"default","site-content-layout":"","ast-site-content-layout":"default","site-content-style":"default","site-sidebar-style":"default","ast-global-header-display":"","ast-banner-title-visibility":"","ast-main-header-display":"","ast-hfb-above-header-display":"","ast-hfb-below-header-display":"","ast-hfb-mobile-header-display":"","site-post-title":"","ast-breadcrumbs-content":"","ast-featured-img":"","footer-sml-layout":"","theme-transparent-header-meta":"default","adv-header-id-meta":"","stick-header-meta":"","header-above-stick-meta":"","header-main-stick-meta":"","header-below-stick-meta":"","astra-migrate-meta-layouts":"set","ast-page-background-enabled":"default","ast-page-background-meta":{"desktop":{"background-color":"var(--ast-global-color-4)","background-image":"","background-repeat":"repeat","background-position":"center center","background-size":"auto","background-attachment":"scroll","background-type":"","background-media":"","overlay-type":"","overlay-color":"","overlay-opacity":"","overlay-gradient":""},"tablet":{"background-color":"","background-image":"","background-repeat":"repeat","background-position":"center center","background-size":"auto","background-attachment":"scroll","background-type":"","background-media":"","overlay-type":"","overlay-color":"","overlay-opacity":"","overlay-gradient":""},"mobile":{"background-color":"","background-image":"","background-repeat":"repeat","background-position":"center center","background-size":"auto","background-attachment":"scroll","background-type":"","background-media":"","overlay-type":"","overlay-color":"","overlay-opacity":"","overlay-gradient":""}},"ast-content-background-meta":{"desktop":{"background-color":"var(--ast-global-color-5)","background-image":"","background-repeat":"repeat","background-position":"center center","background-size":"auto","background-attachment":"scroll","background-type":"","background-media":"","overlay-type":"","overlay-color":"","overlay-opacity":"","overlay-gradient":""},"tablet":{"background-color":"var(--ast-global-color-5)","background-image":"","background-repeat":"repeat","background-position":"center center","background-size":"auto","background-attachment":"scroll","background-type":"","background-media":"","overlay-type":"","overlay-color":"","overlay-opacity":"","overlay-gradient":""},"mobile":{"background-color":"var(--ast-global-color-5)","background-image":"","background-repeat":"repeat","background-position":"center center","background-size":"auto","background-attachment":"scroll","background-type":"","background-media":"","overlay-type":"","overlay-color":"","overlay-opacity":"","overlay-gradient":""}}},"product_cat":[20],"product_tag":[],"class_list":{"0":"post-4107","1":"product","2":"type-product","3":"status-publish","4":"has-post-thumbnail","6":"product_cat-antiseptico","7":"desktop-align-left","8":"tablet-align-left","9":"mobile-align-left","11":"first","12":"instock","13":"shipping-taxable","14":"product-type-simple"},"_links":{"self":[{"href":"https:\/\/petlabs.com.co\/co\/wp-json\/wp\/v2\/product\/4107","targetHints":{"allow":["GET"]}}],"collection":[{"href":"https:\/\/petlabs.com.co\/co\/wp-json\/wp\/v2\/product"}],"about":[{"href":"https:\/\/petlabs.com.co\/co\/wp-json\/wp\/v2\/types\/product"}],"wp:featuredmedia":[{"embeddable":true,"href":"https:\/\/petlabs.com.co\/co\/wp-json\/wp\/v2\/media\/4113"}],"wp:attachment":[{"href":"https:\/\/petlabs.com.co\/co\/wp-json\/wp\/v2\/media?parent=4107"}],"wp:term":[{"taxonomy":"product_cat","embeddable":true,"href":"https:\/\/petlabs.com.co\/co\/wp-json\/wp\/v2\/product_cat?post=4107"},{"taxonomy":"product_tag","embeddable":true,"href":"https:\/\/petlabs.com.co\/co\/wp-json\/wp\/v2\/product_tag?post=4107"}],"curies":[{"name":"wp","href":"https:\/\/api.w.org\/{rel}","templated":true}]}}