{"id":3966,"date":"2024-07-03T21:28:03","date_gmt":"2024-07-03T19:28:03","guid":{"rendered":"https:\/\/petlabs.com.co\/co\/?post_type=product&#038;p=3966"},"modified":"2024-07-03T23:49:52","modified_gmt":"2024-07-03T21:49:52","slug":"comp-bac","status":"publish","type":"product","link":"https:\/\/petlabs.com.co\/co\/producto\/comp-bac\/","title":{"rendered":"COMP-BAC"},"content":{"rendered":"<p>Indicado en Perros y Gatos para el tratamiento de Ehrlichiosis canina (Ehrlichia canis), afecciones buco dentales de tipo infeccioso (estomatitis. periodontitis, gingivitis).<br \/>\nInfecciones del sistema digestivo. respiratorio. \u00f3seo, genitourinario producidas por bacterias Grampositiva<\/p>\n<p>La Doxiciclina es un medicamento tipo antibi\u00f3tico perteneciente a las Tetraciclinas. Su acci\u00f3n consiste en tratar las infecciones impidiendo el crecimiento y la propagaci\u00f3n de las bacterias, de tipo bacteriost\u00e1tico que act\u00faa bloqueando la producci\u00f3n de prote\u00ednas bacterianas.<\/p>\n<p>La Doxiciclina Hiclato es soluble en agua.<\/p>\n","protected":false},"excerpt":{"rendered":"<p>Indicado en Perros y Gatos para el tratamiento de Ehrlichiosis canina (Ehrlichia canis), afecciones buco dentales de tipo infeccioso (estomatitis. periodontitis, gingivitis).<br \/>\nInfecciones del sistema digestivo. respiratorio. \u00f3seo, genitourinario producidas por bacterias Grampositiva<\/p>\n<p>La Doxiciclina es un medicamento tipo antibi\u00f3tico perteneciente a las Tetraciclinas. Su acci\u00f3n consiste en tratar las infecciones impidiendo el crecimiento y la propagaci\u00f3n de las bacterias, de tipo bacteriost\u00e1tico que act\u00faa bloqueando la producci\u00f3n de prote\u00ednas bacterianas.<\/p>\n<p>La Doxiciclina Hiclato es soluble en agua.<\/p>\n","protected":false},"featured_media":4066,"template":"","meta":{"site-sidebar-layout":"default","site-content-layout":"","ast-site-content-layout":"default","site-content-style":"default","site-sidebar-style":"default","ast-global-header-display":"","ast-banner-title-visibility":"","ast-main-header-display":"","ast-hfb-above-header-display":"","ast-hfb-below-header-display":"","ast-hfb-mobile-header-display":"","site-post-title":"","ast-breadcrumbs-content":"","ast-featured-img":"","footer-sml-layout":"","theme-transparent-header-meta":"default","adv-header-id-meta":"","stick-header-meta":"","header-above-stick-meta":"","header-main-stick-meta":"","header-below-stick-meta":"","astra-migrate-meta-layouts":"set","ast-page-background-enabled":"default","ast-page-background-meta":{"desktop":{"background-color":"var(--ast-global-color-4)","background-image":"","background-repeat":"repeat","background-position":"center center","background-size":"auto","background-attachment":"scroll","background-type":"","background-media":"","overlay-type":"","overlay-color":"","overlay-opacity":"","overlay-gradient":""},"tablet":{"background-color":"","background-image":"","background-repeat":"repeat","background-position":"center center","background-size":"auto","background-attachment":"scroll","background-type":"","background-media":"","overlay-type":"","overlay-color":"","overlay-opacity":"","overlay-gradient":""},"mobile":{"background-color":"","background-image":"","background-repeat":"repeat","background-position":"center center","background-size":"auto","background-attachment":"scroll","background-type":"","background-media":"","overlay-type":"","overlay-color":"","overlay-opacity":"","overlay-gradient":""}},"ast-content-background-meta":{"desktop":{"background-color":"var(--ast-global-color-5)","background-image":"","background-repeat":"repeat","background-position":"center center","background-size":"auto","background-attachment":"scroll","background-type":"","background-media":"","overlay-type":"","overlay-color":"","overlay-opacity":"","overlay-gradient":""},"tablet":{"background-color":"var(--ast-global-color-5)","background-image":"","background-repeat":"repeat","background-position":"center center","background-size":"auto","background-attachment":"scroll","background-type":"","background-media":"","overlay-type":"","overlay-color":"","overlay-opacity":"","overlay-gradient":""},"mobile":{"background-color":"var(--ast-global-color-5)","background-image":"","background-repeat":"repeat","background-position":"center center","background-size":"auto","background-attachment":"scroll","background-type":"","background-media":"","overlay-type":"","overlay-color":"","overlay-opacity":"","overlay-gradient":""}}},"product_cat":[19],"product_tag":[],"class_list":{"0":"post-3966","1":"product","2":"type-product","3":"status-publish","4":"has-post-thumbnail","6":"product_cat-antibiotico","7":"desktop-align-left","8":"tablet-align-left","9":"mobile-align-left","11":"first","12":"instock","13":"shipping-taxable","14":"product-type-simple"},"_links":{"self":[{"href":"https:\/\/petlabs.com.co\/co\/wp-json\/wp\/v2\/product\/3966","targetHints":{"allow":["GET"]}}],"collection":[{"href":"https:\/\/petlabs.com.co\/co\/wp-json\/wp\/v2\/product"}],"about":[{"href":"https:\/\/petlabs.com.co\/co\/wp-json\/wp\/v2\/types\/product"}],"wp:featuredmedia":[{"embeddable":true,"href":"https:\/\/petlabs.com.co\/co\/wp-json\/wp\/v2\/media\/4066"}],"wp:attachment":[{"href":"https:\/\/petlabs.com.co\/co\/wp-json\/wp\/v2\/media?parent=3966"}],"wp:term":[{"taxonomy":"product_cat","embeddable":true,"href":"https:\/\/petlabs.com.co\/co\/wp-json\/wp\/v2\/product_cat?post=3966"},{"taxonomy":"product_tag","embeddable":true,"href":"https:\/\/petlabs.com.co\/co\/wp-json\/wp\/v2\/product_tag?post=3966"}],"curies":[{"name":"wp","href":"https:\/\/api.w.org\/{rel}","templated":true}]}}