{"id":4206,"date":"2024-07-04T15:21:58","date_gmt":"2024-07-04T13:21:58","guid":{"rendered":"https:\/\/petlabs.com.co\/co\/?page_id=4206"},"modified":"2024-07-25T09:14:07","modified_gmt":"2024-07-25T14:14:07","slug":"antiseptico","status":"publish","type":"page","link":"https:\/\/petlabs.com.co\/co\/antiseptico\/","title":{"rendered":"Antis\u00e9ptico"},"content":{"rendered":"\t\t<div data-elementor-type=\"wp-page\" data-elementor-id=\"4206\" class=\"elementor elementor-4206\" data-elementor-post-type=\"page\">\n\t\t\t\t<div class=\"elementor-element elementor-element-97493cc e-flex e-con-boxed e-con e-parent\" data-id=\"97493cc\" data-element_type=\"container\">\n\t\t\t\t\t<div class=\"e-con-inner\">\n\t\t<div class=\"elementor-element elementor-element-8ec6bb2 e-con-full e-flex e-con e-child\" data-id=\"8ec6bb2\" data-element_type=\"container\">\n\t\t<div class=\"elementor-element elementor-element-ec42ce3 e-con-full e-flex e-con e-child\" data-id=\"ec42ce3\" data-element_type=\"container\">\n\t\t<div class=\"elementor-element elementor-element-c772b34 e-con-full e-flex e-con e-child\" data-id=\"c772b34\" data-element_type=\"container\">\n\t\t\t\t<div class=\"elementor-element elementor-element-bcdee12 elementor-widget elementor-widget-heading\" data-id=\"bcdee12\" data-element_type=\"widget\" data-widget_type=\"heading.default\">\n\t\t\t\t<div class=\"elementor-widget-container\">\n\t\t\t<style>\/*! elementor - v3.23.0 - 23-07-2024 *\/\n.elementor-heading-title{padding:0;margin:0;line-height:1}.elementor-widget-heading .elementor-heading-title[class*=elementor-size-]>a{color:inherit;font-size:inherit;line-height:inherit}.elementor-widget-heading .elementor-heading-title.elementor-size-small{font-size:15px}.elementor-widget-heading .elementor-heading-title.elementor-size-medium{font-size:19px}.elementor-widget-heading .elementor-heading-title.elementor-size-large{font-size:29px}.elementor-widget-heading .elementor-heading-title.elementor-size-xl{font-size:39px}.elementor-widget-heading .elementor-heading-title.elementor-size-xxl{font-size:59px}<\/style><h2 class=\"elementor-heading-title elementor-size-default\">Nuestras categorias<\/h2>\t\t<\/div>\n\t\t\t\t<\/div>\n\t\t\t\t<\/div>\n\t\t\t\t<\/div>\n\t\t<div class=\"elementor-element elementor-element-6d40aa2 e-con-full e-flex e-con e-child\" data-id=\"6d40aa2\" data-element_type=\"container\">\n\t\t<div class=\"elementor-element elementor-element-723a4f4 e-con-full e-transform e-flex e-con e-child\" data-id=\"723a4f4\" data-element_type=\"container\" data-settings=\"{&quot;_transform_scale_effect_hover&quot;:{&quot;unit&quot;:&quot;px&quot;,&quot;size&quot;:1.1,&quot;sizes&quot;:[]},&quot;_transform_scale_effect_hover_tablet&quot;:{&quot;unit&quot;:&quot;px&quot;,&quot;size&quot;:&quot;&quot;,&quot;sizes&quot;:[]},&quot;_transform_scale_effect_hover_mobile&quot;:{&quot;unit&quot;:&quot;px&quot;,&quot;size&quot;:&quot;&quot;,&quot;sizes&quot;:[]}}\">\n\t\t\t\t<div class=\"elementor-element elementor-element-731df8d elementor-widget elementor-widget-image\" data-id=\"731df8d\" data-element_type=\"widget\" data-widget_type=\"image.default\">\n\t\t\t\t<div class=\"elementor-widget-container\">\n\t\t\t<style>\/*! elementor - v3.23.0 - 23-07-2024 *\/\n.elementor-widget-image{text-align:center}.elementor-widget-image a{display:inline-block}.elementor-widget-image a img[src$=\".svg\"]{width:48px}.elementor-widget-image img{vertical-align:middle;display:inline-block}<\/style>\t\t\t\t\t\t\t\t\t\t\t<a href=\"https:\/\/petlabs.com.co\/co\/antibiotico\/\">\n\t\t\t\t\t\t\t<img fetchpriority=\"high\" decoding=\"async\" width=\"512\" height=\"512\" src=\"https:\/\/petlabs.com.co\/co\/wp-content\/uploads\/sites\/2\/2024\/07\/2645980-1.png\" class=\"attachment-full size-full wp-image-4142\" alt=\"\" srcset=\"https:\/\/petlabs.com.co\/co\/wp-content\/uploads\/sites\/2\/2024\/07\/2645980-1.png 512w, https:\/\/petlabs.com.co\/co\/wp-content\/uploads\/sites\/2\/2024\/07\/2645980-1-300x300.png 300w, https:\/\/petlabs.com.co\/co\/wp-content\/uploads\/sites\/2\/2024\/07\/2645980-1-150x150.png 150w, https:\/\/petlabs.com.co\/co\/wp-content\/uploads\/sites\/2\/2024\/07\/2645980-1-100x100.png 100w\" sizes=\"(max-width: 512px) 100vw, 512px\" \/>\t\t\t\t\t\t\t\t<\/a>\n\t\t\t\t\t\t\t\t\t\t\t\t\t<\/div>\n\t\t\t\t<\/div>\n\t\t\t\t<div class=\"elementor-element elementor-element-56f3b2a elementor-widget elementor-widget-heading\" data-id=\"56f3b2a\" data-element_type=\"widget\" data-widget_type=\"heading.default\">\n\t\t\t\t<div class=\"elementor-widget-container\">\n\t\t\t<h2 class=\"elementor-heading-title elementor-size-default\">Antibi\u00f3ticos<\/h2>\t\t<\/div>\n\t\t\t\t<\/div>\n\t\t\t\t<\/div>\n\t\t<div class=\"elementor-element elementor-element-2d75dc1 e-con-full e-transform e-flex e-con e-child\" data-id=\"2d75dc1\" data-element_type=\"container\" data-settings=\"{&quot;_transform_scale_effect_hover&quot;:{&quot;unit&quot;:&quot;px&quot;,&quot;size&quot;:1.1,&quot;sizes&quot;:[]},&quot;_transform_scale_effect_hover_tablet&quot;:{&quot;unit&quot;:&quot;px&quot;,&quot;size&quot;:&quot;&quot;,&quot;sizes&quot;:[]},&quot;_transform_scale_effect_hover_mobile&quot;:{&quot;unit&quot;:&quot;px&quot;,&quot;size&quot;:&quot;&quot;,&quot;sizes&quot;:[]}}\">\n\t\t\t\t<div class=\"elementor-element elementor-element-4160f47 elementor-widget elementor-widget-image\" data-id=\"4160f47\" data-element_type=\"widget\" data-widget_type=\"image.default\">\n\t\t\t\t<div class=\"elementor-widget-container\">\n\t\t\t\t\t\t\t\t\t\t\t\t\t\t<a href=\"https:\/\/petlabs.com.co\/co\/antiinflamatorio\">\n\t\t\t\t\t\t\t<img decoding=\"async\" width=\"512\" height=\"512\" src=\"https:\/\/petlabs.com.co\/co\/wp-content\/uploads\/sites\/2\/2024\/07\/Antiflmatorio.webp\" class=\"attachment-full size-full wp-image-4144\" alt=\"\" srcset=\"https:\/\/petlabs.com.co\/co\/wp-content\/uploads\/sites\/2\/2024\/07\/Antiflmatorio.webp 512w, https:\/\/petlabs.com.co\/co\/wp-content\/uploads\/sites\/2\/2024\/07\/Antiflmatorio-300x300.webp 300w, https:\/\/petlabs.com.co\/co\/wp-content\/uploads\/sites\/2\/2024\/07\/Antiflmatorio-150x150.webp 150w, https:\/\/petlabs.com.co\/co\/wp-content\/uploads\/sites\/2\/2024\/07\/Antiflmatorio-100x100.webp 100w\" sizes=\"(max-width: 512px) 100vw, 512px\" \/>\t\t\t\t\t\t\t\t<\/a>\n\t\t\t\t\t\t\t\t\t\t\t\t\t<\/div>\n\t\t\t\t<\/div>\n\t\t\t\t<div class=\"elementor-element elementor-element-12047cf elementor-widget elementor-widget-heading\" data-id=\"12047cf\" data-element_type=\"widget\" data-widget_type=\"heading.default\">\n\t\t\t\t<div class=\"elementor-widget-container\">\n\t\t\t<h2 class=\"elementor-heading-title elementor-size-default\">Antiinflamatorio<\/h2>\t\t<\/div>\n\t\t\t\t<\/div>\n\t\t\t\t<\/div>\n\t\t<div class=\"elementor-element elementor-element-246c64e e-con-full e-flex e-con e-child\" data-id=\"246c64e\" data-element_type=\"container\" data-settings=\"{&quot;background_background&quot;:&quot;classic&quot;}\">\n\t\t\t\t<div class=\"elementor-element elementor-element-a3b5e32 elementor-widget elementor-widget-image\" data-id=\"a3b5e32\" data-element_type=\"widget\" data-widget_type=\"image.default\">\n\t\t\t\t<div class=\"elementor-widget-container\">\n\t\t\t\t\t\t\t\t\t\t\t\t\t\t<a href=\"https:\/\/petlabs.com.co\/co\/antiseptico\/\">\n\t\t\t\t\t\t\t<img decoding=\"async\" width=\"512\" height=\"512\" src=\"https:\/\/petlabs.com.co\/co\/wp-content\/uploads\/sites\/2\/2024\/07\/antisepticoblanco.webp\" class=\"attachment-full size-full wp-image-4153\" alt=\"\" srcset=\"https:\/\/petlabs.com.co\/co\/wp-content\/uploads\/sites\/2\/2024\/07\/antisepticoblanco.webp 512w, https:\/\/petlabs.com.co\/co\/wp-content\/uploads\/sites\/2\/2024\/07\/antisepticoblanco-300x300.webp 300w, https:\/\/petlabs.com.co\/co\/wp-content\/uploads\/sites\/2\/2024\/07\/antisepticoblanco-150x150.webp 150w, https:\/\/petlabs.com.co\/co\/wp-content\/uploads\/sites\/2\/2024\/07\/antisepticoblanco-100x100.webp 100w\" sizes=\"(max-width: 512px) 100vw, 512px\" \/>\t\t\t\t\t\t\t\t<\/a>\n\t\t\t\t\t\t\t\t\t\t\t\t\t<\/div>\n\t\t\t\t<\/div>\n\t\t\t\t<div class=\"elementor-element elementor-element-6bc85dd elementor-widget elementor-widget-heading\" data-id=\"6bc85dd\" data-element_type=\"widget\" data-widget_type=\"heading.default\">\n\t\t\t\t<div class=\"elementor-widget-container\">\n\t\t\t<h2 class=\"elementor-heading-title elementor-size-default\">Antis\u00e9ptico<\/h2>\t\t<\/div>\n\t\t\t\t<\/div>\n\t\t\t\t<\/div>\n\t\t<div class=\"elementor-element elementor-element-6047dd5 e-con-full e-transform e-flex e-con e-child\" data-id=\"6047dd5\" data-element_type=\"container\" data-settings=\"{&quot;_transform_scale_effect_hover&quot;:{&quot;unit&quot;:&quot;px&quot;,&quot;size&quot;:1.1,&quot;sizes&quot;:[]},&quot;_transform_scale_effect_hover_tablet&quot;:{&quot;unit&quot;:&quot;px&quot;,&quot;size&quot;:&quot;&quot;,&quot;sizes&quot;:[]},&quot;_transform_scale_effect_hover_mobile&quot;:{&quot;unit&quot;:&quot;px&quot;,&quot;size&quot;:&quot;&quot;,&quot;sizes&quot;:[]}}\">\n\t\t\t\t<div class=\"elementor-element elementor-element-aafc354 elementor-widget elementor-widget-image\" data-id=\"aafc354\" data-element_type=\"widget\" data-widget_type=\"image.default\">\n\t\t\t\t<div class=\"elementor-widget-container\">\n\t\t\t\t\t\t\t\t\t\t\t\t\t\t<a href=\"https:\/\/petlabs.com.co\/co\/dermatologia\">\n\t\t\t\t\t\t\t<img loading=\"lazy\" decoding=\"async\" width=\"512\" height=\"512\" src=\"https:\/\/petlabs.com.co\/co\/wp-content\/uploads\/sites\/2\/2024\/07\/derma.webp\" class=\"attachment-full size-full wp-image-4146\" alt=\"\" srcset=\"https:\/\/petlabs.com.co\/co\/wp-content\/uploads\/sites\/2\/2024\/07\/derma.webp 512w, https:\/\/petlabs.com.co\/co\/wp-content\/uploads\/sites\/2\/2024\/07\/derma-300x300.webp 300w, https:\/\/petlabs.com.co\/co\/wp-content\/uploads\/sites\/2\/2024\/07\/derma-150x150.webp 150w, https:\/\/petlabs.com.co\/co\/wp-content\/uploads\/sites\/2\/2024\/07\/derma-100x100.webp 100w\" sizes=\"(max-width: 512px) 100vw, 512px\" \/>\t\t\t\t\t\t\t\t<\/a>\n\t\t\t\t\t\t\t\t\t\t\t\t\t<\/div>\n\t\t\t\t<\/div>\n\t\t\t\t<div class=\"elementor-element elementor-element-5872e52 elementor-widget elementor-widget-heading\" data-id=\"5872e52\" data-element_type=\"widget\" data-widget_type=\"heading.default\">\n\t\t\t\t<div class=\"elementor-widget-container\">\n\t\t\t<h2 class=\"elementor-heading-title elementor-size-default\">Dermatolog\u00eda<\/h2>\t\t<\/div>\n\t\t\t\t<\/div>\n\t\t\t\t<\/div>\n\t\t\t\t<\/div>\n\t\t\t\t<\/div>\n\t\t\t\t\t<\/div>\n\t\t\t\t<\/div>\n\t\t<div class=\"elementor-element elementor-element-df6ff82 e-flex e-con-boxed e-con e-parent\" data-id=\"df6ff82\" data-element_type=\"container\" data-settings=\"{&quot;background_background&quot;:&quot;slideshow&quot;,&quot;background_slideshow_gallery&quot;:[{&quot;id&quot;:3882,&quot;url&quot;:&quot;https:\\\/\\\/petlabs.com.co\\\/co\\\/wp-content\\\/uploads\\\/sites\\\/2\\\/2024\\\/07\\\/patitas.jpg&quot;}],&quot;background_slideshow_loop&quot;:&quot;yes&quot;,&quot;background_slideshow_slide_duration&quot;:5000,&quot;background_slideshow_slide_transition&quot;:&quot;fade&quot;,&quot;background_slideshow_transition_duration&quot;:500}\">\n\t\t\t\t\t<div class=\"e-con-inner\">\n\t\t<div class=\"elementor-element elementor-element-4e8f3e7 e-con-full e-flex e-con e-child\" data-id=\"4e8f3e7\" data-element_type=\"container\">\n\t\t\t\t<div class=\"elementor-element elementor-element-4af13eb elementor-widget elementor-widget-heading\" data-id=\"4af13eb\" data-element_type=\"widget\" data-widget_type=\"heading.default\">\n\t\t\t\t<div class=\"elementor-widget-container\">\n\t\t\t<h2 class=\"elementor-heading-title elementor-size-default\">Antis\u00e9ptico<\/h2>\t\t<\/div>\n\t\t\t\t<\/div>\n\t\t\t\t<\/div>\n\t\t<div class=\"elementor-element elementor-element-9bfeb7b e-flex e-con-boxed e-con e-child\" data-id=\"9bfeb7b\" data-element_type=\"container\">\n\t\t\t\t\t<div class=\"e-con-inner\">\n\t\t\t\t<div class=\"elementor-element elementor-element-8f8e007 elementor-product-loop-item--align-center elementor-grid-4 elementor-grid-tablet-3 elementor-grid-mobile-2 elementor-products-grid elementor-wc-products elementor-widget elementor-widget-woocommerce-products\" data-id=\"8f8e007\" data-element_type=\"widget\" data-widget_type=\"woocommerce-products.default\">\n\t\t\t\t<div class=\"elementor-widget-container\">\n\t\t\t<link rel=\"stylesheet\" href=\"https:\/\/petlabs.com.co\/co\/wp-content\/plugins\/elementor-pro\/assets\/css\/widget-woocommerce.min.css\"><div class=\"woocommerce columns-4 \"><ul class=\"products elementor-grid columns-4\">\n<li class=\"desktop-align-left tablet-align-left mobile-align-left product type-product post-4107 status-publish first instock product_cat-antiseptico has-post-thumbnail shipping-taxable product-type-simple\">\n\t<a href=\"https:\/\/petlabs.com.co\/co\/producto\/clorexy-pet-topic\/\" class=\"woocommerce-LoopProduct-link woocommerce-loop-product__link\"><img loading=\"lazy\" decoding=\"async\" width=\"300\" height=\"300\" src=\"https:\/\/petlabs.com.co\/co\/wp-content\/uploads\/sites\/2\/2024\/07\/Clorexy-Pet-Topic-6-300x300.jpg\" class=\"attachment-woocommerce_thumbnail size-woocommerce_thumbnail\" alt=\"\" srcset=\"https:\/\/petlabs.com.co\/co\/wp-content\/uploads\/sites\/2\/2024\/07\/Clorexy-Pet-Topic-6-300x300.jpg 300w, https:\/\/petlabs.com.co\/co\/wp-content\/uploads\/sites\/2\/2024\/07\/Clorexy-Pet-Topic-6-1024x1024.jpg 1024w, https:\/\/petlabs.com.co\/co\/wp-content\/uploads\/sites\/2\/2024\/07\/Clorexy-Pet-Topic-6-150x150.jpg 150w, https:\/\/petlabs.com.co\/co\/wp-content\/uploads\/sites\/2\/2024\/07\/Clorexy-Pet-Topic-6-768x768.jpg 768w, https:\/\/petlabs.com.co\/co\/wp-content\/uploads\/sites\/2\/2024\/07\/Clorexy-Pet-Topic-6-600x600.jpg 600w, https:\/\/petlabs.com.co\/co\/wp-content\/uploads\/sites\/2\/2024\/07\/Clorexy-Pet-Topic-6-100x100.jpg 100w, https:\/\/petlabs.com.co\/co\/wp-content\/uploads\/sites\/2\/2024\/07\/Clorexy-Pet-Topic-6.jpg 1080w\" sizes=\"(max-width: 300px) 100vw, 300px\" \/><h2 class=\"woocommerce-loop-product__title\">CLOREXY &#8211; PET TOPIC<\/h2>\n<\/a><a href=\"https:\/\/petlabs.com.co\/co\/producto\/clorexy-pet-topic\/\" data-quantity=\"1\" class=\"ast-on-card-button ast-select-options-trigger product_type_simple\" data-product_id=\"4107\" data-product_sku=\"007257\" aria-label=\"Leer m\u00e1s\" rel=\"nofollow\"> <span class=\"ast-card-action-tooltip\"> Leer m\u00e1s <\/span> <span class=\"ahfb-svg-iconset\"> <span class=\"ast-icon icon-bag\"><svg xmlns=\"http:\/\/www.w3.org\/2000\/svg\" xmlns:xlink=\"http:\/\/www.w3.org\/1999\/xlink\" version=\"1.1\" id=\"ast-bag-icon-svg\" x=\"0px\" y=\"0px\" width=\"100\" height=\"100\" viewBox=\"826 826 140 140\" enable-background=\"new 826 826 140 140\" xml:space=\"preserve\">\n\t\t\t\t<path d=\"M960.758,934.509l2.632,23.541c0.15,1.403-0.25,2.657-1.203,3.761c-0.953,1.053-2.156,1.579-3.61,1.579H833.424  c-1.454,0-2.657-0.526-3.61-1.579c-0.952-1.104-1.354-2.357-1.203-3.761l2.632-23.541H960.758z M953.763,871.405l6.468,58.29H831.77  l6.468-58.29c0.15-1.203,0.677-2.218,1.58-3.045c0.903-0.827,1.981-1.241,3.234-1.241h19.254v9.627c0,2.658,0.94,4.927,2.82,6.807  s4.149,2.82,6.807,2.82c2.658,0,4.926-0.94,6.807-2.82s2.821-4.149,2.821-6.807v-9.627h28.882v9.627  c0,2.658,0.939,4.927,2.819,6.807c1.881,1.88,4.149,2.82,6.807,2.82s4.927-0.94,6.808-2.82c1.879-1.88,2.82-4.149,2.82-6.807v-9.627  h19.253c1.255,0,2.332,0.414,3.235,1.241C953.086,869.187,953.612,870.202,953.763,871.405z M924.881,857.492v19.254  c0,1.304-0.476,2.432-1.429,3.385s-2.08,1.429-3.385,1.429c-1.303,0-2.432-0.477-3.384-1.429c-0.953-0.953-1.43-2.081-1.43-3.385  v-19.254c0-5.315-1.881-9.853-5.641-13.613c-3.76-3.761-8.298-5.641-13.613-5.641s-9.853,1.88-13.613,5.641  c-3.761,3.76-5.641,8.298-5.641,13.613v19.254c0,1.304-0.476,2.432-1.429,3.385c-0.953,0.953-2.081,1.429-3.385,1.429  c-1.303,0-2.432-0.477-3.384-1.429c-0.953-0.953-1.429-2.081-1.429-3.385v-19.254c0-7.973,2.821-14.779,8.461-20.42  c5.641-5.641,12.448-8.461,20.42-8.461c7.973,0,14.779,2.82,20.42,8.461C922.062,842.712,924.881,849.519,924.881,857.492z\" \/>\n\t\t\t\t<\/svg><\/span> <\/span> <\/a><div class=\"woocommerce-loop-product__buttons\"><a href=\"https:\/\/petlabs.com.co\/co\/producto\/clorexy-pet-topic\/\" aria-describedby=\"woocommerce_loop_add_to_cart_link_describedby_4107\" data-quantity=\"1\" class=\"button product_type_simple\" data-product_id=\"4107\" data-product_sku=\"007257\" aria-label=\"Leer m\u00e1s\" rel=\"nofollow\">Leer m\u00e1s<\/a><\/div><span id=\"woocommerce_loop_add_to_cart_link_describedby_4107\" class=\"screen-reader-text\">\n\t<\/span>\n<\/li>\n<li class=\"desktop-align-left tablet-align-left mobile-align-left product type-product post-4114 status-publish instock product_cat-antiseptico has-post-thumbnail shipping-taxable product-type-simple\">\n\t<a href=\"https:\/\/petlabs.com.co\/co\/producto\/clorexy-pet-oral\/\" class=\"woocommerce-LoopProduct-link woocommerce-loop-product__link\"><img loading=\"lazy\" decoding=\"async\" width=\"300\" height=\"300\" src=\"https:\/\/petlabs.com.co\/co\/wp-content\/uploads\/sites\/2\/2024\/07\/Clorexy-Pet-Oral-6-300x300.jpg\" class=\"attachment-woocommerce_thumbnail size-woocommerce_thumbnail\" alt=\"\" srcset=\"https:\/\/petlabs.com.co\/co\/wp-content\/uploads\/sites\/2\/2024\/07\/Clorexy-Pet-Oral-6-300x300.jpg 300w, https:\/\/petlabs.com.co\/co\/wp-content\/uploads\/sites\/2\/2024\/07\/Clorexy-Pet-Oral-6-1024x1024.jpg 1024w, https:\/\/petlabs.com.co\/co\/wp-content\/uploads\/sites\/2\/2024\/07\/Clorexy-Pet-Oral-6-150x150.jpg 150w, https:\/\/petlabs.com.co\/co\/wp-content\/uploads\/sites\/2\/2024\/07\/Clorexy-Pet-Oral-6-768x768.jpg 768w, https:\/\/petlabs.com.co\/co\/wp-content\/uploads\/sites\/2\/2024\/07\/Clorexy-Pet-Oral-6-600x600.jpg 600w, https:\/\/petlabs.com.co\/co\/wp-content\/uploads\/sites\/2\/2024\/07\/Clorexy-Pet-Oral-6-100x100.jpg 100w, https:\/\/petlabs.com.co\/co\/wp-content\/uploads\/sites\/2\/2024\/07\/Clorexy-Pet-Oral-6.jpg 1080w\" sizes=\"(max-width: 300px) 100vw, 300px\" \/><h2 class=\"woocommerce-loop-product__title\">CLOREXY &#8211; PET ORAL<\/h2>\n<\/a><a href=\"https:\/\/petlabs.com.co\/co\/producto\/clorexy-pet-oral\/\" data-quantity=\"1\" class=\"ast-on-card-button ast-select-options-trigger product_type_simple\" data-product_id=\"4114\" data-product_sku=\"007257-1\" aria-label=\"Leer m\u00e1s\" rel=\"nofollow\"> <span class=\"ast-card-action-tooltip\"> Leer m\u00e1s <\/span> <span class=\"ahfb-svg-iconset\"> <span class=\"ast-icon icon-bag\"><svg xmlns=\"http:\/\/www.w3.org\/2000\/svg\" xmlns:xlink=\"http:\/\/www.w3.org\/1999\/xlink\" version=\"1.1\" id=\"ast-bag-icon-svg\" x=\"0px\" y=\"0px\" width=\"100\" height=\"100\" viewBox=\"826 826 140 140\" enable-background=\"new 826 826 140 140\" xml:space=\"preserve\">\n\t\t\t\t<path d=\"M960.758,934.509l2.632,23.541c0.15,1.403-0.25,2.657-1.203,3.761c-0.953,1.053-2.156,1.579-3.61,1.579H833.424  c-1.454,0-2.657-0.526-3.61-1.579c-0.952-1.104-1.354-2.357-1.203-3.761l2.632-23.541H960.758z M953.763,871.405l6.468,58.29H831.77  l6.468-58.29c0.15-1.203,0.677-2.218,1.58-3.045c0.903-0.827,1.981-1.241,3.234-1.241h19.254v9.627c0,2.658,0.94,4.927,2.82,6.807  s4.149,2.82,6.807,2.82c2.658,0,4.926-0.94,6.807-2.82s2.821-4.149,2.821-6.807v-9.627h28.882v9.627  c0,2.658,0.939,4.927,2.819,6.807c1.881,1.88,4.149,2.82,6.807,2.82s4.927-0.94,6.808-2.82c1.879-1.88,2.82-4.149,2.82-6.807v-9.627  h19.253c1.255,0,2.332,0.414,3.235,1.241C953.086,869.187,953.612,870.202,953.763,871.405z M924.881,857.492v19.254  c0,1.304-0.476,2.432-1.429,3.385s-2.08,1.429-3.385,1.429c-1.303,0-2.432-0.477-3.384-1.429c-0.953-0.953-1.43-2.081-1.43-3.385  v-19.254c0-5.315-1.881-9.853-5.641-13.613c-3.76-3.761-8.298-5.641-13.613-5.641s-9.853,1.88-13.613,5.641  c-3.761,3.76-5.641,8.298-5.641,13.613v19.254c0,1.304-0.476,2.432-1.429,3.385c-0.953,0.953-2.081,1.429-3.385,1.429  c-1.303,0-2.432-0.477-3.384-1.429c-0.953-0.953-1.429-2.081-1.429-3.385v-19.254c0-7.973,2.821-14.779,8.461-20.42  c5.641-5.641,12.448-8.461,20.42-8.461c7.973,0,14.779,2.82,20.42,8.461C922.062,842.712,924.881,849.519,924.881,857.492z\" \/>\n\t\t\t\t<\/svg><\/span> <\/span> <\/a><div class=\"woocommerce-loop-product__buttons\"><a href=\"https:\/\/petlabs.com.co\/co\/producto\/clorexy-pet-oral\/\" aria-describedby=\"woocommerce_loop_add_to_cart_link_describedby_4114\" data-quantity=\"1\" class=\"button product_type_simple\" data-product_id=\"4114\" data-product_sku=\"007257-1\" aria-label=\"Leer m\u00e1s\" rel=\"nofollow\">Leer m\u00e1s<\/a><\/div><span id=\"woocommerce_loop_add_to_cart_link_describedby_4114\" class=\"screen-reader-text\">\n\t<\/span>\n<\/li>\n<\/ul>\n<\/div>\t\t<\/div>\n\t\t\t\t<\/div>\n\t\t\t\t\t<\/div>\n\t\t\t\t<\/div>\n\t\t\t\t\t<\/div>\n\t\t\t\t<\/div>\n\t\t\t\t<\/div>\n\t\t","protected":false},"excerpt":{"rendered":"<p>Nuestras categorias Antibi\u00f3ticos Antiinflamatorio Antis\u00e9ptico Dermatolog\u00eda Antis\u00e9ptico<\/p>\n","protected":false},"author":1,"featured_media":0,"parent":0,"menu_order":0,"comment_status":"closed","ping_status":"closed","template":"elementor_header_footer","meta":{"site-sidebar-layout":"no-sidebar","site-content-layout":"page-builder","ast-site-content-layout":"","site-content-style":"default","site-sidebar-style":"default","ast-global-header-display":"","ast-banner-title-visibility":"","ast-main-header-display":"","ast-hfb-above-header-display":"","ast-hfb-below-header-display":"","ast-hfb-mobile-header-display":"","site-post-title":"disabled","ast-breadcrumbs-content":"","ast-featured-img":"disabled","footer-sml-layout":"","theme-transparent-header-meta":"","adv-header-id-meta":"","stick-header-meta":"","header-above-stick-meta":"","header-main-stick-meta":"","header-below-stick-meta":"","astra-migrate-meta-layouts":"default","ast-page-background-enabled":"default","ast-page-background-meta":{"desktop":{"background-color":"var(--ast-global-color-4)","background-image":"","background-repeat":"repeat","background-position":"center center","background-size":"auto","background-attachment":"scroll","background-type":"","background-media":"","overlay-type":"","overlay-color":"","overlay-opacity":"","overlay-gradient":""},"tablet":{"background-color":"","background-image":"","background-repeat":"repeat","background-position":"center center","background-size":"auto","background-attachment":"scroll","background-type":"","background-media":"","overlay-type":"","overlay-color":"","overlay-opacity":"","overlay-gradient":""},"mobile":{"background-color":"","background-image":"","background-repeat":"repeat","background-position":"center center","background-size":"auto","background-attachment":"scroll","background-type":"","background-media":"","overlay-type":"","overlay-color":"","overlay-opacity":"","overlay-gradient":""}},"ast-content-background-meta":{"desktop":{"background-color":"var(--ast-global-color-5)","background-image":"","background-repeat":"repeat","background-position":"center center","background-size":"auto","background-attachment":"scroll","background-type":"","background-media":"","overlay-type":"","overlay-color":"","overlay-opacity":"","overlay-gradient":""},"tablet":{"background-color":"var(--ast-global-color-5)","background-image":"","background-repeat":"repeat","background-position":"center center","background-size":"auto","background-attachment":"scroll","background-type":"","background-media":"","overlay-type":"","overlay-color":"","overlay-opacity":"","overlay-gradient":""},"mobile":{"background-color":"var(--ast-global-color-5)","background-image":"","background-repeat":"repeat","background-position":"center center","background-size":"auto","background-attachment":"scroll","background-type":"","background-media":"","overlay-type":"","overlay-color":"","overlay-opacity":"","overlay-gradient":""}},"footnotes":""},"class_list":["post-4206","page","type-page","status-publish","hentry"],"_links":{"self":[{"href":"https:\/\/petlabs.com.co\/co\/wp-json\/wp\/v2\/pages\/4206","targetHints":{"allow":["GET"]}}],"collection":[{"href":"https:\/\/petlabs.com.co\/co\/wp-json\/wp\/v2\/pages"}],"about":[{"href":"https:\/\/petlabs.com.co\/co\/wp-json\/wp\/v2\/types\/page"}],"author":[{"embeddable":true,"href":"https:\/\/petlabs.com.co\/co\/wp-json\/wp\/v2\/users\/1"}],"replies":[{"embeddable":true,"href":"https:\/\/petlabs.com.co\/co\/wp-json\/wp\/v2\/comments?post=4206"}],"version-history":[{"count":34,"href":"https:\/\/petlabs.com.co\/co\/wp-json\/wp\/v2\/pages\/4206\/revisions"}],"predecessor-version":[{"id":5783,"href":"https:\/\/petlabs.com.co\/co\/wp-json\/wp\/v2\/pages\/4206\/revisions\/5783"}],"wp:attachment":[{"href":"https:\/\/petlabs.com.co\/co\/wp-json\/wp\/v2\/media?parent=4206"}],"curies":[{"name":"wp","href":"https:\/\/api.w.org\/{rel}","templated":true}]}}